{"id":13886,"date":"2021-10-18T10:52:43","date_gmt":"2021-10-18T08:52:43","guid":{"rendered":"https:\/\/www.fromageriegardon.fr\/unser-laden\/"},"modified":"2024-02-15T11:15:52","modified_gmt":"2024-02-15T10:15:52","slug":"unser-laden","status":"publish","type":"page","link":"https:\/\/www.fromageriegardon.fr\/de\/unser-laden\/","title":{"rendered":"Unser Laden"},"content":{"rendered":"<div id=\"modal-ready\"><div id=\"fws_6a04eb79b2779\"  data-midnight=\"dark\" data-top-percent=\"12%\" data-bottom-percent=\"12%\"  data-bg-mobile-hidden=\"\" class=\"wpb_row vc_row-fluid vc_row top-level full-width-section standard_section   \"  style=\"padding-top: calc(100vw * 0.12); padding-bottom: calc(100vw * 0.12);  z-index: 100;\"><div class=\"row-bg-wrap\" data-bg-animation=\"none\"><div class=\"inner-wrap using-image\"><div class=\"row-bg using-image   \"  style=\"background-image: url(https:\/\/www.fromageriegardon.fr\/wp-content\/uploads\/2022\/01\/fromagerie-gardon-magasin.jpg); background-position: center center; background-repeat: no-repeat; \"><\/div><\/div><div class=\"row-bg-overlay\" style=\"background-color:#000000;  opacity: 0.5; \"><\/div><\/div><div class=\"col span_12 dark left\"><div  class=\"vc_col-sm-12 wpb_column column_container vc_column_container col no-extra-padding\"  data-t-w-inherits=\"default\" data-border-radius=\"none\" data-shadow=\"none\" data-border-animation=\"\" data-border-animation-delay=\"\" data-border-width=\"none\" data-border-style=\"solid\" data-border-color=\"\" data-bg-cover=\"\" data-padding-pos=\"all\" data-has-bg-color=\"false\" data-bg-color=\"\" data-bg-opacity=\"1\" data-hover-bg=\"\" data-hover-bg-opacity=\"1\" data-animation=\"\" data-delay=\"0\"><div class=\"column-bg-overlay\"><\/div><div class=\"vc_column-inner\"><div class=\"wpb_wrapper\"><h2 style=\"color: #ffffff;text-align: center\" class=\"vc_custom_heading\" >Unser Laden<\/h2><\/div> <\/div><\/div> <\/div><\/div><div id=\"fws_6a04eb79b40d2\"  data-midnight=\"dark\" data-top-percent=\"2%\" data-bottom-percent=\"2%\"  data-bg-mobile-hidden=\"\" class=\"wpb_row vc_row-fluid vc_row full-width-content  vc_row-o-equal-height vc_row-flex  vc_row-o-content-middle standard_section   \"  style=\"padding-top: calc(100vw * 0.02); padding-bottom: calc(100vw * 0.02); \"><div class=\"row-bg-wrap\" data-bg-animation=\"none\"><div class=\"inner-wrap \"><div class=\"row-bg  using-bg-color  \"  style=\"background-color: #ffffff; \"><\/div><\/div><div class=\"row-bg-overlay\" ><\/div><\/div><div class=\"col span_12 dark left\"><div  class=\"vc_col-sm-6 wpb_column column_container vc_column_container col padding-6-percent\"  data-t-w-inherits=\"default\" data-border-radius=\"none\" data-shadow=\"none\" data-border-animation=\"\" data-border-animation-delay=\"\" data-border-width=\"none\" data-border-style=\"solid\" data-border-color=\"\" data-bg-cover=\"\" data-padding-pos=\"left\" data-has-bg-color=\"false\" data-bg-color=\"\" data-bg-opacity=\"1\" data-hover-bg=\"\" data-hover-bg-opacity=\"1\" data-animation=\"\" data-delay=\"0\"><div class=\"column-bg-overlay\"><\/div><div class=\"vc_column-inner\"><div class=\"wpb_wrapper\">    <div id=\"fws_6a04eb79b4e0d\" data-midnight=\"\" data-column-margin=\"default\" data-bg-mobile-hidden=\"\" class=\"wpb_row vc_row-fluid vc_row inner_row standard_section  vc_custom_1634738459886   \"  style=\"padding-top: 0px; padding-bottom: 0px; \"><div class=\"row-bg-wrap\"> <div class=\"row-bg   \"  style=\"\"><\/div> <\/div><div class=\"col span_12  left\"><div  class=\"vc_col-sm-12 wpb_column column_container vc_column_container col padding-5-percent\"   data-t-w-inherits=\"default\" data-shadow=\"none\" data-border-radius=\"none\" data-border-animation=\"\" data-border-animation-delay=\"\" data-border-width=\"none\" data-border-style=\"solid\" data-border-color=\"\" data-bg-cover=\"\" data-padding-pos=\"all\" data-has-bg-color=\"false\" data-bg-color=\"\" data-bg-opacity=\"1\" data-hover-bg=\"\" data-hover-bg-opacity=\"1\" data-animation=\"\" data-delay=\"0\"><div class=\"column-bg-overlay\"><\/div><div class=\"vc_column-inner\"><div class=\"wpb_wrapper\"><h3 style=\"color: #0f228c;text-align: left\" class=\"vc_custom_heading vc_custom_1707992049731\" >K\u00c4SEREI DER AUVERGNE<\/h3><h5 style=\"color: #80c41c;text-align: left;font-family:Salsa;font-weight:400;font-style:normal\" class=\"vc_custom_heading\" >\u2013STANDORT IN DEN BERGEN\u2013<br \/><\/h5><div class=\"wpb_text_column wpb_content_element  vc_custom_1707992097040\" ><div class=\"wpb_wrapper\"><p style=\"text-align: left;\">La Chapelle Laurent ist ein kleines Dorf im Cantal in circa 1000 m H\u00f6he.<\/p><p>Unser Verkaufsladen ganz in der N\u00e4he der K\u00e4serei bietet Ihnen das gesamte Sortiment der hauseigenen GARDON-K\u00e4se, aber auch ein breites Angebot an regionalen K\u00e4sesorten und sonstigen Produkten, die aufgrund ihrer Authentizit\u00e4t gew\u00e4hlt wurden: Gr\u00fcne Linsen aus Le Puy AOP, Helle Linsen aus St-Flour, Landhonig, Weine der Auvergne.<\/p><\/div><\/div><h5 style=\"color: #80c41c;line-height: 23px;text-align: left;font-family:Salsa;font-weight:400;font-style:normal\" class=\"vc_custom_heading vc_custom_1707992121479\" >\u2013GE\u00d6FFNET MONTAG BIS SONNTAG\u2013 \u20139 BIS 19 UHR OHNE UNTERBRECHUNG\u2013<br \/><\/h5><div class=\"wpb_text_column wpb_content_element  vc_custom_1707992145413\" ><div class=\"wpb_wrapper\"><p style=\"text-align: left;\"><strong>Au\u00dfer an den folgenden Feiertagen:<\/strong><br \/>25. Dezember, 1. Januar, 1. Mai<br \/><strong>Jahresurlaub:<\/strong> 2 Wochen im Januar<\/p><\/div><\/div><\/div> <\/div><\/div> <\/div><\/div><\/div> <\/div><\/div> <div  class=\"vc_col-sm-6 wpb_column column_container vc_column_container col centered-text padding-4-percent\"  data-t-w-inherits=\"default\" data-border-radius=\"none\" data-shadow=\"none\" data-border-animation=\"\" data-border-animation-delay=\"\" data-border-width=\"none\" data-border-style=\"solid\" data-border-color=\"\" data-bg-cover=\"\" data-padding-pos=\"left\" data-has-bg-color=\"false\" data-bg-color=\"\" data-bg-opacity=\"1\" data-hover-bg=\"\" data-hover-bg-opacity=\"1\" data-animation=\"\" data-delay=\"0\"><div class=\"column-bg-overlay\"><\/div><div class=\"vc_column-inner\"><div class=\"wpb_wrapper\">    <div id=\"fws_6a04eb79b71f3\" data-midnight=\"\" data-column-margin=\"default\" data-bg-mobile-hidden=\"\" class=\"wpb_row vc_row-fluid vc_row inner_row standard_section    \"  style=\"padding-top: 0px; padding-bottom: 0px; \"><div class=\"row-bg-wrap\"> <div class=\"row-bg   \"  style=\"\"><\/div> <\/div><div class=\"col span_12  left\"><div  class=\"vc_col-sm-12 wpb_column column_container vc_column_container col no-extra-padding\"   data-t-w-inherits=\"default\" data-shadow=\"none\" data-border-radius=\"none\" data-border-animation=\"\" data-border-animation-delay=\"\" data-border-width=\"none\" data-border-style=\"solid\" data-border-color=\"\" data-bg-cover=\"\" data-padding-pos=\"all\" data-has-bg-color=\"false\" data-bg-color=\"\" data-bg-opacity=\"1\" data-hover-bg=\"\" data-hover-bg-opacity=\"1\" data-animation=\"\" data-delay=\"0\"><div class=\"column-bg-overlay\"><\/div><div class=\"vc_column-inner\"><div class=\"wpb_wrapper\"><div class=\"img-with-aniamtion-wrap \" data-max-width=\"75%\" data-border-radius=\"none\"><div class=\"inner\"><img data-shadow=\"none\" data-shadow-direction=\"middle\" class=\"img-with-animation skip-lazy \" data-delay=\"0\" height=\"800\" width=\"800\"  data-animation=\"none\" src=\"https:\/\/www.fromageriegardon.fr\/wp-content\/uploads\/2021\/11\/800x800-carte-france.png\" srcset=\"https:\/\/www.fromageriegardon.fr\/wp-content\/uploads\/2021\/11\/800x800-carte-france.png 800w, https:\/\/www.fromageriegardon.fr\/wp-content\/uploads\/2021\/11\/800x800-carte-france-300x300.png 300w, https:\/\/www.fromageriegardon.fr\/wp-content\/uploads\/2021\/11\/800x800-carte-france-150x150.png 150w, https:\/\/www.fromageriegardon.fr\/wp-content\/uploads\/2021\/11\/800x800-carte-france-768x768.png 768w, https:\/\/www.fromageriegardon.fr\/wp-content\/uploads\/2021\/11\/800x800-carte-france-445x445.png 445w, https:\/\/www.fromageriegardon.fr\/wp-content\/uploads\/2021\/11\/800x800-carte-france-222x222.png 222w, https:\/\/www.fromageriegardon.fr\/wp-content\/uploads\/2021\/11\/800x800-carte-france-100x100.png 100w, https:\/\/www.fromageriegardon.fr\/wp-content\/uploads\/2021\/11\/800x800-carte-france-140x140.png 140w, https:\/\/www.fromageriegardon.fr\/wp-content\/uploads\/2021\/11\/800x800-carte-france-500x500.png 500w, https:\/\/www.fromageriegardon.fr\/wp-content\/uploads\/2021\/11\/800x800-carte-france-350x350.png 350w\" sizes=\"100vw\" alt=\"acc\u00e8s fromagerie gardon\" \/><\/div><\/div><\/div> <\/div><\/div> <\/div><\/div><\/div> <\/div><\/div> <\/div><\/div><\/div>"},"excerpt":{"rendered":"<p>[vc_row type=&#8220;full_width_background&#8220; full_screen_row_position=&#8220;middle&#8220; bg_image=&#8220;12792&#8243; bg_position=&#8220;center center&#8220; bg_repeat=&#8220;no-repeat&#8220; scene_position=&#8220;center&#8220; text_color=&#8220;dark&#8220; text_align=&#8220;left&#8220; top_padding=&#8220;12%&#8220; bottom_padding=&#8220;12%&#8220; zindex=&#8220;100&#8243; color_overlay=&#8220;#000000&#8243; overlay_strength=&#8220;0.5&#8243; shape_divider_position=&#8220;bottom&#8220; bg_image_animation=&#8220;none&#8220; column_margin=&#8220;default&#8220; column_direction=&#8220;default&#8220; column_direction_tablet=&#8220;default&#8220; column_direction_phone=&#8220;default&#8220; background_image_loading=&#8220;default&#8220; row_border_radius=&#8220;none&#8220; row_border_radius_applies=&#8220;bg&#8220; shape_type=&#8220;&#8220;][vc_column column_padding=&#8220;no-extra-padding&#8220; column_padding_position=&#8220;all&#8220; background_color_opacity=&#8220;1&#8243; background_hover_color_opacity=&#8220;1&#8243; column_link_target=&#8220;_self&#8220;&#8230;<\/p>\n","protected":false},"author":1,"featured_media":0,"parent":0,"menu_order":17,"comment_status":"closed","ping_status":"closed","template":"","meta":{"om_disable_all_campaigns":false,"_mi_skip_tracking":false,"_monsterinsights_sitenote_active":false,"_monsterinsights_sitenote_note":"","_monsterinsights_sitenote_category":0},"aioseo_notices":[],"_links":{"self":[{"href":"https:\/\/www.fromageriegardon.fr\/de\/wp-json\/wp\/v2\/pages\/13886"}],"collection":[{"href":"https:\/\/www.fromageriegardon.fr\/de\/wp-json\/wp\/v2\/pages"}],"about":[{"href":"https:\/\/www.fromageriegardon.fr\/de\/wp-json\/wp\/v2\/types\/page"}],"author":[{"embeddable":true,"href":"https:\/\/www.fromageriegardon.fr\/de\/wp-json\/wp\/v2\/users\/1"}],"replies":[{"embeddable":true,"href":"https:\/\/www.fromageriegardon.fr\/de\/wp-json\/wp\/v2\/comments?post=13886"}],"version-history":[{"count":3,"href":"https:\/\/www.fromageriegardon.fr\/de\/wp-json\/wp\/v2\/pages\/13886\/revisions"}],"predecessor-version":[{"id":13939,"href":"https:\/\/www.fromageriegardon.fr\/de\/wp-json\/wp\/v2\/pages\/13886\/revisions\/13939"}],"wp:attachment":[{"href":"https:\/\/www.fromageriegardon.fr\/de\/wp-json\/wp\/v2\/media?parent=13886"}],"curies":[{"name":"wp","href":"https:\/\/api.w.org\/{rel}","templated":true}]}}