{"id":13890,"date":"2019-03-07T08:22:30","date_gmt":"2019-03-07T07:22:30","guid":{"rendered":"https:\/\/www.fromageriegardon.fr\/rechtliche-hinweise\/"},"modified":"2024-03-14T09:49:47","modified_gmt":"2024-03-14T08:49:47","slug":"rechtliche-hinweise","status":"publish","type":"page","link":"https:\/\/www.fromageriegardon.fr\/de\/rechtliche-hinweise\/","title":{"rendered":"Rechtliche Hinweise"},"content":{"rendered":"<div id=\"modal-ready\"><div id=\"fws_69fa3732b89dd\"  data-midnight=\"light\"  data-bg-mobile-hidden=\"\" class=\"wpb_row vc_row-fluid vc_row standard_section   \"  style=\"padding-top: -50px; padding-bottom: 0px; \"><div class=\"row-bg-wrap\" data-bg-animation=\"none\"><div class=\"inner-wrap \"><div class=\"row-bg    \"  style=\"\"><\/div><\/div><div class=\"row-bg-overlay\" ><\/div><\/div><div class=\"col span_12 light left\"><div  class=\"vc_col-sm-12 wpb_column column_container vc_column_container col no-extra-padding\"  data-t-w-inherits=\"default\" data-border-radius=\"none\" data-shadow=\"none\" data-border-animation=\"\" data-border-animation-delay=\"\" data-border-width=\"none\" data-border-style=\"solid\" data-border-color=\"\" data-bg-cover=\"\" data-padding-pos=\"all\" data-has-bg-color=\"false\" data-bg-color=\"\" data-bg-opacity=\"1\" data-hover-bg=\"\" data-hover-bg-opacity=\"1\" data-animation=\"\" data-delay=\"0\"><div class=\"column-bg-overlay\"><\/div><div class=\"vc_column-inner\"><div class=\"wpb_wrapper\"><div class=\"wpb_text_column wpb_content_element \" ><div class=\"wpb_wrapper\"><h3><span style=\"color: #636363;\"><strong>SAS ESTABLISHMENTS GARDON<\/strong><\/span><\/h3><p><span style=\"color: #636363;\"><strong>Stammkapital:<\/strong> 390.000,00 \u20ac<\/span><\/p><p><span style=\"color: #636363;\"><strong>SIRET<\/strong> : 53718002800012<\/span><\/p><p><strong><span style=\"color: #636363;\">Adresse und Hauptsitz:<\/span><\/strong><br \/><span style=\"color: #636363;\">Le bourg<\/span><br \/><span style=\"color: #636363;\">15500 La Chapelle-Laurent<\/span><br \/><span style=\"color: #636363;\">Tel : 04 71 73 12 03 &#8211; Fax : 04-71-73-14-86<\/span><br \/><span style=\"color: #636363;\"><a class=\"c-link\" style=\"color: #636363;\" tabindex=\"-1\" href=\"mailto:contact@fromageriegardon.fr\" target=\"_blank\" rel=\"noopener noreferrer\" data-stringify-link=\"mailto:contact@fromageriegardon.fr\" data-sk=\"tooltip_parent\" aria-haspopup=\"menu\" aria-expanded=\"false\" data-remove-tab-index=\"true\">contact@fromageriegardon.fr<\/a><\/span><\/p><p><span style=\"color: #636363;\"><strong>TVA INT. :<\/strong> FR 415 371 800 28<\/span><\/p><p><span style=\"color: #636363;\"><strong>Leiter der Ver\u00f6ffentlichung:<\/strong> Herr J\u00e9r\u00f4me Gardon, in seiner Eigenschaft als Pr\u00e4sident des Unternehmens<\/span><\/p><p>&nbsp;<\/p><p>&nbsp;<\/p><div><\/div><\/div><\/div><\/div> <\/div><\/div> <\/div><\/div><\/div>"},"excerpt":{"rendered":"<p>[vc_row type=&#8220;in_container&#8220; full_screen_row_position=&#8220;middle&#8220; scene_position=&#8220;center&#8220; text_color=&#8220;dark&#8220; text_align=&#8220;left&#8220; disable_element=&#8220;yes&#8220; overlay_strength=&#8220;0.3&#8243; shape_divider_position=&#8220;bottom&#8220; bg_image_animation=&#8220;none&#8220; column_margin=&#8220;default&#8220; column_direction=&#8220;default&#8220; column_direction_tablet=&#8220;default&#8220; column_direction_phone=&#8220;default&#8220; row_border_radius=&#8220;none&#8220; row_border_radius_applies=&#8220;bg&#8220; shape_type=&#8220;&#8220;][vc_column column_padding=&#8220;no-extra-padding&#8220; column_padding_position=&#8220;all&#8220; background_color_opacity=&#8220;1&#8243; background_hover_color_opacity=&#8220;1&#8243; column_link_target=&#8220;_self&#8220; column_shadow=&#8220;none&#8220; column_border_radius=&#8220;none&#8220; width=&#8220;1\/1&#8243; tablet_width_inherit=&#8220;default&#8220; tablet_text_alignment=&#8220;default&#8220; phone_text_alignment=&#8220;default&#8220; column_border_width=&#8220;none&#8220; column_border_style=&#8220;solid&#8220;&#8230;<\/p>\n","protected":false},"author":1,"featured_media":0,"parent":0,"menu_order":30,"comment_status":"closed","ping_status":"closed","template":"mention-legal.php","meta":{"om_disable_all_campaigns":false,"_mi_skip_tracking":false,"_monsterinsights_sitenote_active":false,"_monsterinsights_sitenote_note":"","_monsterinsights_sitenote_category":0},"aioseo_notices":[],"_links":{"self":[{"href":"https:\/\/www.fromageriegardon.fr\/de\/wp-json\/wp\/v2\/pages\/13890"}],"collection":[{"href":"https:\/\/www.fromageriegardon.fr\/de\/wp-json\/wp\/v2\/pages"}],"about":[{"href":"https:\/\/www.fromageriegardon.fr\/de\/wp-json\/wp\/v2\/types\/page"}],"author":[{"embeddable":true,"href":"https:\/\/www.fromageriegardon.fr\/de\/wp-json\/wp\/v2\/users\/1"}],"replies":[{"embeddable":true,"href":"https:\/\/www.fromageriegardon.fr\/de\/wp-json\/wp\/v2\/comments?post=13890"}],"version-history":[{"count":1,"href":"https:\/\/www.fromageriegardon.fr\/de\/wp-json\/wp\/v2\/pages\/13890\/revisions"}],"predecessor-version":[{"id":13991,"href":"https:\/\/www.fromageriegardon.fr\/de\/wp-json\/wp\/v2\/pages\/13890\/revisions\/13991"}],"wp:attachment":[{"href":"https:\/\/www.fromageriegardon.fr\/de\/wp-json\/wp\/v2\/media?parent=13890"}],"curies":[{"name":"wp","href":"https:\/\/api.w.org\/{rel}","templated":true}]}}